{"id":104,"date":"2021-07-18T00:43:46","date_gmt":"2021-07-17T22:43:46","guid":{"rendered":"http:\/\/test.larcc.fr\/?page_id=104"},"modified":"2025-11-25T08:11:44","modified_gmt":"2025-11-25T07:11:44","slug":"liens","status":"publish","type":"page","link":"https:\/\/larcc.fr\/index.php\/liens\/","title":{"rendered":"Liens"},"content":{"rendered":"\n<p><strong>Nos Sponsors : <\/strong><\/p>\n\n\n\n<figure class=\"wp-block-image size-large is-resized\"><img decoding=\"async\" loading=\"lazy\" src=\"http:\/\/test.larcc.fr\/wp-content\/uploads\/2021\/07\/Logo-Val-de-Reuil.svg-5-1024x672.png\" alt=\"\" class=\"wp-image-106\" width=\"189\" height=\"124\" srcset=\"https:\/\/larcc.fr\/wp-content\/uploads\/2021\/07\/Logo-Val-de-Reuil.svg-5-1024x672.png 1024w, https:\/\/larcc.fr\/wp-content\/uploads\/2021\/07\/Logo-Val-de-Reuil.svg-5-300x197.png 300w, https:\/\/larcc.fr\/wp-content\/uploads\/2021\/07\/Logo-Val-de-Reuil.svg-5-768x504.png 768w, https:\/\/larcc.fr\/wp-content\/uploads\/2021\/07\/Logo-Val-de-Reuil.svg-5-1200x788.png 1200w, https:\/\/larcc.fr\/wp-content\/uploads\/2021\/07\/Logo-Val-de-Reuil.svg-5.png 1280w\" sizes=\"(max-width: 189px) 100vw, 189px\" \/><figcaption class=\"wp-element-caption\">Mairie de Val de Reuil : <a rel=\"noreferrer noopener\" target=\"_blank\" href=\"http:\/\/www.valdereuil.fr\/\">http:\/\/www.valdereuil.fr<\/a><\/figcaption><\/figure>\n\n\n\n<figure class=\"wp-block-image size-large is-resized\"><img decoding=\"async\" loading=\"lazy\" src=\"http:\/\/test.larcc.fr\/wp-content\/uploads\/2021\/07\/Hotels-Kyriad-Logo-630x405-\u00a9-OTCP.jpg\" alt=\"\" class=\"wp-image-107\" width=\"189\" height=\"121\" srcset=\"https:\/\/larcc.fr\/wp-content\/uploads\/2021\/07\/Hotels-Kyriad-Logo-630x405-\u00a9-OTCP.jpg 630w, https:\/\/larcc.fr\/wp-content\/uploads\/2021\/07\/Hotels-Kyriad-Logo-630x405-\u00a9-OTCP-300x193.jpg 300w\" sizes=\"(max-width: 189px) 100vw, 189px\" \/><figcaption class=\"wp-element-caption\">Hotel Kyriad Val de Reuil : <a rel=\"noreferrer noopener\" href=\"http:\/\/www.kyriadrouensudvaldereuil.fr\/\" target=\"_blank\">http:\/\/www.kyriadrouensudvaldereuil.fr\/<\/a><\/figcaption><\/figure>\n\n\n\n<p><strong>Les Liens utiles :<\/strong><\/p>\n\n\n\n<figure class=\"wp-block-image size-large\"><img decoding=\"async\" loading=\"lazy\" width=\"225\" height=\"225\" src=\"http:\/\/test.larcc.fr\/wp-content\/uploads\/2021\/07\/logo-ffvrc-open-graph.png\" alt=\"\" class=\"wp-image-108\" srcset=\"https:\/\/larcc.fr\/wp-content\/uploads\/2021\/07\/logo-ffvrc-open-graph.png 225w, https:\/\/larcc.fr\/wp-content\/uploads\/2021\/07\/logo-ffvrc-open-graph-150x150.png 150w\" sizes=\"(max-width: 225px) 100vw, 225px\" \/><figcaption class=\"wp-element-caption\">F\u00e9d\u00e9ration Fran\u00e7aise de Voitures Radio-Command\u00e9es : <a rel=\"noreferrer noopener\" target=\"_blank\" href=\"http:\/\/www.ffvrc.fr\">http:\/\/www.ffvrc.fr<\/a><\/figcaption><\/figure>\n\n\n\n<figure class=\"wp-block-image size-large is-resized\"><img decoding=\"async\" loading=\"lazy\" src=\"http:\/\/test.larcc.fr\/wp-content\/uploads\/2021\/07\/ligue-normandie.png\" alt=\"\" class=\"wp-image-109\" width=\"228\" height=\"86\" srcset=\"https:\/\/larcc.fr\/wp-content\/uploads\/2021\/07\/ligue-normandie.png 364w, https:\/\/larcc.fr\/wp-content\/uploads\/2021\/07\/ligue-normandie-300x114.png 300w\" sizes=\"(max-width: 228px) 100vw, 228px\" \/><figcaption class=\"wp-element-caption\">Ligue de Normandie : <a rel=\"noreferrer noopener\" target=\"_blank\" href=\"https:\/\/www.ffvrc-normandie.fr\/index.php\">https:\/\/www.ffvrc-normandie.fr\/<\/a><\/figcaption><\/figure>\n\n\n\n<p><\/p>\n","protected":false},"excerpt":{"rendered":"<p>Nos Sponsors : Les Liens utiles :<\/p>\n","protected":false},"author":1,"featured_media":0,"parent":0,"menu_order":0,"comment_status":"closed","ping_status":"closed","template":"","meta":[],"_links":{"self":[{"href":"https:\/\/larcc.fr\/index.php\/wp-json\/wp\/v2\/pages\/104"}],"collection":[{"href":"https:\/\/larcc.fr\/index.php\/wp-json\/wp\/v2\/pages"}],"about":[{"href":"https:\/\/larcc.fr\/index.php\/wp-json\/wp\/v2\/types\/page"}],"author":[{"embeddable":true,"href":"https:\/\/larcc.fr\/index.php\/wp-json\/wp\/v2\/users\/1"}],"replies":[{"embeddable":true,"href":"https:\/\/larcc.fr\/index.php\/wp-json\/wp\/v2\/comments?post=104"}],"version-history":[{"count":8,"href":"https:\/\/larcc.fr\/index.php\/wp-json\/wp\/v2\/pages\/104\/revisions"}],"predecessor-version":[{"id":646,"href":"https:\/\/larcc.fr\/index.php\/wp-json\/wp\/v2\/pages\/104\/revisions\/646"}],"wp:attachment":[{"href":"https:\/\/larcc.fr\/index.php\/wp-json\/wp\/v2\/media?parent=104"}],"curies":[{"name":"wp","href":"https:\/\/api.w.org\/{rel}","templated":true}]}}